{"id":1878,"date":"2024-05-08T09:03:21","date_gmt":"2024-05-08T09:03:21","guid":{"rendered":"https:\/\/www.litcargo.lt\/?page_id=1878"},"modified":"2024-07-05T07:58:05","modified_gmt":"2024-07-05T07:58:05","slug":"vezejams","status":"publish","type":"page","link":"https:\/\/www.litcargo.lt\/lt\/vezejams\/","title":{"rendered":"Ve\u017e\u0117jams"},"content":{"rendered":"\t\t<div data-elementor-type=\"wp-page\" data-elementor-id=\"1878\" class=\"elementor elementor-1878 elementor-736\" data-elementor-post-type=\"page\">\n\t\t\t\t\t\t\t<div class=\"elementor-element elementor-element-0a0f955 e-con-full page-header e-flex e-con e-parent\" data-id=\"0a0f955\" data-element_type=\"container\" data-settings=\"{&quot;content_width&quot;:&quot;full&quot;,&quot;background_background&quot;:&quot;classic&quot;}\" data-core-v316-plus=\"true\">\n\t\t<div class=\"elementor-element elementor-element-6ff8f20 e-con-full colpadl e-flex e-con e-child\" data-id=\"6ff8f20\" data-element_type=\"container\" data-settings=\"{&quot;content_width&quot;:&quot;full&quot;}\">\n\t\t\t\t<div class=\"elementor-element elementor-element-1698679 header-title-box elementor-widget elementor-widget-html\" data-id=\"1698679\" data-element_type=\"widget\" data-widget_type=\"html.default\">\n\t\t\t\t<div class=\"elementor-widget-container\">\n\t\t\t<h5> Temperat\u016briniai ir daliniai perve\u017eimai <\/h5>\n<h1>\nVe\u017e\u0117jams\n<\/h1>\n\t\t<\/div>\n\t\t\t\t<\/div>\n\t\t\t\t<\/div>\n\t\t\t\t<\/div>\n\t\t<div class=\"elementor-element elementor-element-41faadf e-con-full section-wwd mmt e-flex e-con e-parent\" data-id=\"41faadf\" data-element_type=\"container\" data-settings=\"{&quot;content_width&quot;:&quot;full&quot;}\" data-core-v316-plus=\"true\">\n\t\t<div class=\"elementor-element elementor-element-2f2d19b e-flex e-con-boxed e-con e-child\" data-id=\"2f2d19b\" data-element_type=\"container\" data-settings=\"{&quot;content_width&quot;:&quot;boxed&quot;}\">\n\t\t\t\t\t<div class=\"e-con-inner\">\n\t\t<div class=\"elementor-element elementor-element-f7382fb e-flex e-con-boxed e-con e-child\" data-id=\"f7382fb\" data-element_type=\"container\" data-settings=\"{&quot;content_width&quot;:&quot;boxed&quot;}\">\n\t\t\t\t\t<div class=\"e-con-inner\">\n\t\t<div class=\"elementor-element elementor-element-a00a047 e-con-full e-flex e-con e-child\" data-id=\"a00a047\" data-element_type=\"container\" data-settings=\"{&quot;content_width&quot;:&quot;full&quot;}\">\n\t\t\t\t<div class=\"elementor-element elementor-element-8cd1b85 elementor-widget elementor-widget-html\" data-id=\"8cd1b85\" data-element_type=\"widget\" data-widget_type=\"html.default\">\n\t\t\t\t<div class=\"elementor-widget-container\">\n\t\t\t<h5 class=\"lth\">Patikimas partneris<\/h5>\n<h2>Pasi\u016blymas ve\u017e\u0117jams<\/h2>\t\t<\/div>\n\t\t\t\t<\/div>\n\t\t\t\t<\/div>\n\t\t<div class=\"elementor-element elementor-element-29dfb68 e-con-full int-log-list e-flex e-con e-child\" data-id=\"29dfb68\" data-element_type=\"container\" data-settings=\"{&quot;content_width&quot;:&quot;full&quot;}\">\n\t\t\t\t<div class=\"elementor-element elementor-element-cbb2532 elementor-position-left int-log-item elementor-vertical-align-top elementor-widget elementor-widget-image-box\" data-id=\"cbb2532\" data-element_type=\"widget\" data-widget_type=\"image-box.default\">\n\t\t\t\t<div class=\"elementor-widget-container\">\n\t\t\t<style>\/*! elementor - v3.18.0 - 08-12-2023 *\/\n.elementor-widget-image-box .elementor-image-box-content{width:100%}@media (min-width:768px){.elementor-widget-image-box.elementor-position-left .elementor-image-box-wrapper,.elementor-widget-image-box.elementor-position-right .elementor-image-box-wrapper{display:flex}.elementor-widget-image-box.elementor-position-right .elementor-image-box-wrapper{text-align:right;flex-direction:row-reverse}.elementor-widget-image-box.elementor-position-left .elementor-image-box-wrapper{text-align:left;flex-direction:row}.elementor-widget-image-box.elementor-position-top .elementor-image-box-img{margin:auto}.elementor-widget-image-box.elementor-vertical-align-top .elementor-image-box-wrapper{align-items:flex-start}.elementor-widget-image-box.elementor-vertical-align-middle .elementor-image-box-wrapper{align-items:center}.elementor-widget-image-box.elementor-vertical-align-bottom .elementor-image-box-wrapper{align-items:flex-end}}@media (max-width:767px){.elementor-widget-image-box .elementor-image-box-img{margin-left:auto!important;margin-right:auto!important;margin-bottom:15px}}.elementor-widget-image-box .elementor-image-box-img{display:inline-block}.elementor-widget-image-box .elementor-image-box-title a{color:inherit}.elementor-widget-image-box .elementor-image-box-wrapper{text-align:center}.elementor-widget-image-box .elementor-image-box-description{margin:0}<\/style><div class=\"elementor-image-box-wrapper\"><figure class=\"elementor-image-box-img\"><img decoding=\"async\" width=\"61\" height=\"60\" src=\"https:\/\/www.litcargo.lt\/wp-content\/uploads\/2024\/05\/wwo_icon.svg\" class=\"attachment-full size-full wp-image-845\" alt=\"\" \/><\/figure><div class=\"elementor-image-box-content\"><h3 class=\"elementor-image-box-title\">Ilgalaikis bendradarbiavimas<\/h3><p class=\"elementor-image-box-description\">Si\u016blome palankias kainas, patikimum\u0105 ir stabilum\u0105.<\/p><\/div><\/div>\t\t<\/div>\n\t\t\t\t<\/div>\n\t\t\t\t<div class=\"elementor-element elementor-element-e2538cb elementor-position-left int-log-item elementor-vertical-align-top elementor-widget elementor-widget-image-box\" data-id=\"e2538cb\" data-element_type=\"widget\" data-widget_type=\"image-box.default\">\n\t\t\t\t<div class=\"elementor-widget-container\">\n\t\t\t<div class=\"elementor-image-box-wrapper\"><figure class=\"elementor-image-box-img\"><img decoding=\"async\" width=\"60\" height=\"60\" src=\"https:\/\/www.litcargo.lt\/wp-content\/uploads\/2024\/05\/02_ss.svg\" class=\"attachment-full size-full wp-image-1070\" alt=\"\" \/><\/figure><div class=\"elementor-image-box-content\"><h3 class=\"elementor-image-box-title\">Laiminti partneryst\u0117<\/h3><p class=\"elementor-image-box-description\">Garantuojame transporto prieinamum\u0105 visus metus.<\/p><\/div><\/div>\t\t<\/div>\n\t\t\t\t<\/div>\n\t\t\t\t<\/div>\n\t\t\t\t\t<\/div>\n\t\t\t\t<\/div>\n\t\t\t\t\t<\/div>\n\t\t\t\t<\/div>\n\t\t\t\t<\/div>\n\t\t<div class=\"elementor-element elementor-element-55a873b section-carrier e-flex e-con-boxed e-con e-parent\" data-id=\"55a873b\" data-element_type=\"container\" data-settings=\"{&quot;content_width&quot;:&quot;boxed&quot;}\" data-core-v316-plus=\"true\">\n\t\t\t\t\t<div class=\"e-con-inner\">\n\t\t<div class=\"elementor-element elementor-element-e0d9e45 e-con-full e-flex e-con e-child\" data-id=\"e0d9e45\" data-element_type=\"container\" data-settings=\"{&quot;content_width&quot;:&quot;full&quot;}\">\n\t\t\t\t<div class=\"elementor-element elementor-element-0b8c207 elementor-widget elementor-widget-text-editor\" data-id=\"0b8c207\" data-element_type=\"widget\" data-widget_type=\"text-editor.default\">\n\t\t\t\t<div class=\"elementor-widget-container\">\n\t\t\t<style>\/*! elementor - v3.18.0 - 08-12-2023 *\/\n.elementor-widget-text-editor.elementor-drop-cap-view-stacked .elementor-drop-cap{background-color:#69727d;color:#fff}.elementor-widget-text-editor.elementor-drop-cap-view-framed .elementor-drop-cap{color:#69727d;border:3px solid;background-color:transparent}.elementor-widget-text-editor:not(.elementor-drop-cap-view-default) .elementor-drop-cap{margin-top:8px}.elementor-widget-text-editor:not(.elementor-drop-cap-view-default) .elementor-drop-cap-letter{width:1em;height:1em}.elementor-widget-text-editor .elementor-drop-cap{float:left;text-align:center;line-height:1;font-size:50px}.elementor-widget-text-editor .elementor-drop-cap-letter{display:inline-block}<\/style>\t\t\t\t<h2>Mes si\u016blome:<\/h2>\n<ul>\n \t<li>Piln\u0173 ir dalini\u0173 krovini\u0173 perve\u017eimus be pale\u010di\u0173 keitimo;\nU\u017etikriname optimali\u0105 m\u0117nesio rid\u0105;\n<\/li>\n \t<li>Mokame u\u017e nuva\u017eiuotus kilometrus;\n<\/li>\n \t<li>Tuneliai, tranzitas per \u0160veicarij\u0105, tranzito deklaracijos, tiltai, traukiniai, keltai apmokami atskirai;\n<\/li>\n \t<li>Taikome lanks\u010di\u0105 apmok\u0117jimo sistem\u0105;<\/li>\n \t<li>Si\u016blome naudotis m\u016bs\u0173 dokument\u0173 rinkimo Sistema.\n<\/li>\n \t<li>Esant poreikiui, nuomojame puspriekabes su krovinio tvirtinimo \u012franga.\n<\/li>\n \t<li>Bendraujame lietuvi\u0173, latvi\u0173, angl\u0173 ir rus\u0173 kalbomis.<\/li>\n<\/ul>\t\t\t\t\t\t<\/div>\n\t\t\t\t<\/div>\n\t\t\t\t<\/div>\n\t\t<div class=\"elementor-element elementor-element-af2e58a e-con-full e-flex e-con e-child\" data-id=\"af2e58a\" data-element_type=\"container\" data-settings=\"{&quot;content_width&quot;:&quot;full&quot;}\">\n\t\t\t\t<div class=\"elementor-element elementor-element-16e2e2a elementor-widget elementor-widget-text-editor\" data-id=\"16e2e2a\" data-element_type=\"widget\" data-widget_type=\"text-editor.default\">\n\t\t\t\t<div class=\"elementor-widget-container\">\n\t\t\t\t\t\t\t<h2>Mums reikia:<\/h2><ul><li aria-level=\"1\">Standartini\u0173 vilkik\u0173 (Euro V\/Euro VI);<\/li><li aria-level=\"1\">\u0160aldytuvini\u0173 puspriekabi\u0173: 13.6m, 2.6m, galin\u010di\u0173 gabenti 33 ar 66 europad\u0117klus (iki 23 ton\u0173). Taip pat \u0161aldytuvini\u0173 dviej\u0173 kamer\u0173 puspriekabi\u0173, galin\u010di\u0173 palaikyti skirting\u0105 temperat\u016br\u0105, ;<\/li><li aria-level=\"1\">Galiojan\u010dio CMR draudimo, EU licencijos, leid\u017eian\u010dios ve\u017eti krovinius; krovinio tvirtinimo \u012frangos krovinio saugumui u\u017etikrinti;<\/li><li aria-level=\"1\">Realaus laiko transporto sekimo sistemos (GPS ir telematika);<\/li><li aria-level=\"1\">Asmenin\u0117s saugos priemoni\u0173 vairuotojui.<\/li><\/ul>\t\t\t\t\t\t<\/div>\n\t\t\t\t<\/div>\n\t\t\t\t<\/div>\n\t\t\t\t\t<\/div>\n\t\t\t\t<\/div>\n\t\t<div class=\"elementor-element elementor-element-2196eae e-con-full section-wc wc-light ecolbg e-flex e-con e-parent\" data-id=\"2196eae\" data-element_type=\"container\" data-settings=\"{&quot;content_width&quot;:&quot;full&quot;}\" data-core-v316-plus=\"true\">\n\t\t<div class=\"elementor-element elementor-element-c78c9bb e-con-full section-wc-left e-flex e-con e-child\" data-id=\"c78c9bb\" data-element_type=\"container\" data-settings=\"{&quot;content_width&quot;:&quot;full&quot;,&quot;background_background&quot;:&quot;classic&quot;}\">\n\t\t\t\t<div class=\"elementor-element elementor-element-1323ec2 section-wc-left-img elementor-widget elementor-widget-image\" data-id=\"1323ec2\" data-element_type=\"widget\" data-widget_type=\"image.default\">\n\t\t\t\t<div class=\"elementor-widget-container\">\n\t\t\t<style>\/*! elementor - v3.18.0 - 08-12-2023 *\/\n.elementor-widget-image{text-align:center}.elementor-widget-image a{display:inline-block}.elementor-widget-image a img[src$=\".svg\"]{width:48px}.elementor-widget-image img{vertical-align:middle;display:inline-block}<\/style>\t\t\t\t\t\t\t\t\t\t\t\t<img fetchpriority=\"high\" decoding=\"async\" width=\"945\" height=\"540\" src=\"https:\/\/www.litcargo.lt\/wp-content\/uploads\/2024\/07\/quality-logistics-partner_3.jpg\" class=\"attachment-large size-large wp-image-2092\" alt=\"\" srcset=\"https:\/\/www.litcargo.lt\/wp-content\/uploads\/2024\/07\/quality-logistics-partner_3.jpg 945w, https:\/\/www.litcargo.lt\/wp-content\/uploads\/2024\/07\/quality-logistics-partner_3-300x171.jpg 300w, https:\/\/www.litcargo.lt\/wp-content\/uploads\/2024\/07\/quality-logistics-partner_3-768x439.jpg 768w\" sizes=\"(max-width: 945px) 100vw, 945px\" \/>\t\t\t\t\t\t\t\t\t\t\t\t\t\t\t<\/div>\n\t\t\t\t<\/div>\n\t\t\t\t<\/div>\n\t\t<div class=\"elementor-element elementor-element-2ad0772 e-con-full section-wc-right e-flex e-con e-child\" data-id=\"2ad0772\" data-element_type=\"container\" data-settings=\"{&quot;content_width&quot;:&quot;full&quot;}\">\n\t\t\t\t<div class=\"elementor-element elementor-element-1d87628 elementor-widget elementor-widget-html\" data-id=\"1d87628\" data-element_type=\"widget\" data-widget_type=\"html.default\">\n\t\t\t\t<div class=\"elementor-widget-container\">\n\t\t\t<h5 class=\"lth\">Kvie\u010diame bendradarbiauti<\/h5>\n<h2>Kokybi\u0161kos logistikos partneris<\/h2>\n<p>Siekdami \u012ftvirtinti ir i\u0161laikyti savo pozicijas rinkoje, kvie\u010diame bendradarbiauti ir kartu \u012fveikti kylan\u010dius i\u0161\u0161\u016bkius.<\/p>\n<div class=\"pl-icon-list wcl\">\n    <div class=\"pl-icon-item\">\n        \n        <div class=\"pl-icon-item-img\">\n            <img decoding=\"async\" src=\"\/assets\/img\/sp_icon_02.svg\">\n        <\/div>\n        <div class=\"pl-icon-item-desc\">\n           <h4>Ilgalaik\u0117 partneryst\u0117<\/h4> \n        <\/div>\n        \n    <\/div>\n     <div class=\"pl-icon-item\">\n        <div class=\"pl-icon-item-img\">\n            <img decoding=\"async\" src=\"\/assets\/img\/truck.svg\">\n        <\/div>\n        <div class=\"pl-icon-item-desc\"><h4>U\u017etikrinta rida<\/h4>\n            \n        <\/div>\n    <\/div>\n     <div class=\"pl-icon-item\">\n        <div class=\"pl-icon-item-img\">\n            <img decoding=\"async\" src=\"\/assets\/img\/03_Groupage_transport.svg\">\n        <\/div>\n        <div class=\"pl-icon-item-desc\"><h4>Mar\u0161rutai tik Europoje<\/h4>\n            \n        <\/div>\n    <\/div>\n     <div class=\"pl-icon-item\">\n        <div class=\"pl-icon-item-img\">\n            <img decoding=\"async\" src=\"\/assets\/img\/04_pl.svg\">\n        <\/div>\n        <div class=\"pl-icon-item-desc\"><h4>Asmeninis pagalbos vadybininkas<\/h4>\n        <\/div>\n    <\/div>\n    \n    \n     \n<\/div>\t\t<\/div>\n\t\t\t\t<\/div>\n\t\t\t\t<\/div>\n\t\t\t\t<\/div>\n\t\t\t\t\t\t\t<\/div>\n\t\t","protected":false},"excerpt":{"rendered":"<p>Temperat\u016briniai ir daliniai perve\u017eimai Ve\u017e\u0117jams Patikimas partneris Pasi\u016blymas ve\u017e\u0117jams Ilgalaikis bendradarbiavimas Si\u016blome palankias kainas, patikimum\u0105 ir stabilum\u0105. Laiminti partneryst\u0117 Garantuojame transporto prieinamum\u0105 visus metus. Mes si\u016blome: Piln\u0173 ir dalini\u0173 krovini\u0173 perve\u017eimus be pale\u010di\u0173 keitimo; U\u017etikriname optimali\u0105 m\u0117nesio rid\u0105; Mokame u\u017e nuva\u017eiuotus kilometrus; Tuneliai, tranzitas per \u0160veicarij\u0105, tranzito deklaracijos, tiltai, traukiniai, keltai apmokami atskirai; Taikome lanks\u010di\u0105 &hellip;<\/p>\n<p class=\"read-more\"> <a class=\"\" href=\"https:\/\/www.litcargo.lt\/lt\/vezejams\/\"> <span class=\"screen-reader-text\">Ve\u017e\u0117jams<\/span> Read More \u00bb<\/a><\/p>\n","protected":false},"author":1,"featured_media":0,"parent":0,"menu_order":0,"comment_status":"closed","ping_status":"closed","template":"","meta":{"inline_featured_image":false,"site-sidebar-layout":"no-sidebar","site-content-layout":"page-builder","ast-global-header-display":"","ast-main-header-display":"","ast-hfb-above-header-display":"","ast-hfb-below-header-display":"","ast-hfb-mobile-header-display":"","site-post-title":"disabled","ast-breadcrumbs-content":"","ast-featured-img":"disabled","footer-sml-layout":"","theme-transparent-header-meta":"default","adv-header-id-meta":"","stick-header-meta":"default","header-above-stick-meta":"","header-main-stick-meta":"","header-below-stick-meta":"","footnotes":""},"acf":[],"yoast_head":"<!-- This site is optimized with the Yoast SEO plugin v23.0 - https:\/\/yoast.com\/wordpress\/plugins\/seo\/ -->\n<title>Ve\u017e\u0117jams - Litcargo.lt<\/title>\n<meta name=\"robots\" content=\"index, follow, max-snippet:-1, max-image-preview:large, max-video-preview:-1\" \/>\n<link rel=\"canonical\" href=\"https:\/\/www.litcargo.lt\/for-carriers\/\" \/>\n<meta property=\"og:locale\" content=\"lt_LT\" \/>\n<meta property=\"og:type\" content=\"article\" \/>\n<meta property=\"og:title\" content=\"Ve\u017e\u0117jams - Litcargo.lt\" \/>\n<meta property=\"og:description\" content=\"Temperat\u016briniai ir daliniai perve\u017eimai Ve\u017e\u0117jams Patikimas partneris Pasi\u016blymas ve\u017e\u0117jams Ilgalaikis bendradarbiavimas Si\u016blome palankias kainas, patikimum\u0105 ir stabilum\u0105. Laiminti partneryst\u0117 Garantuojame transporto prieinamum\u0105 visus metus. Mes si\u016blome: Piln\u0173 ir dalini\u0173 krovini\u0173 perve\u017eimus be pale\u010di\u0173 keitimo; U\u017etikriname optimali\u0105 m\u0117nesio rid\u0105; Mokame u\u017e nuva\u017eiuotus kilometrus; Tuneliai, tranzitas per \u0160veicarij\u0105, tranzito deklaracijos, tiltai, traukiniai, keltai apmokami atskirai; Taikome lanks\u010di\u0105 &hellip; Ve\u017e\u0117jams Read More \u00bb\" \/>\n<meta property=\"og:url\" content=\"https:\/\/www.litcargo.lt\/for-carriers\/\" \/>\n<meta property=\"og:site_name\" content=\"Litcargo.lt\" \/>\n<meta property=\"article:modified_time\" content=\"2024-07-05T07:58:05+00:00\" \/>\n<meta property=\"og:image\" content=\"https:\/\/www.litcargo.lt\/wp-content\/uploads\/2024\/05\/wwo_icon.svg\" \/>\n<meta name=\"twitter:card\" content=\"summary_large_image\" \/>\n<meta name=\"twitter:label1\" content=\"Est. reading time\" \/>\n\t<meta name=\"twitter:data1\" content=\"1 minut\u0117\" \/>\n<script type=\"application\/ld+json\" class=\"yoast-schema-graph\">{\"@context\":\"https:\/\/schema.org\",\"@graph\":[{\"@type\":\"WebPage\",\"@id\":\"https:\/\/www.litcargo.lt\/for-carriers\/\",\"url\":\"https:\/\/www.litcargo.lt\/for-carriers\/\",\"name\":\"Ve\u017e\u0117jams - Litcargo.lt\",\"isPartOf\":{\"@id\":\"https:\/\/www.litcargo.lt\/#website\"},\"primaryImageOfPage\":{\"@id\":\"https:\/\/www.litcargo.lt\/for-carriers\/#primaryimage\"},\"image\":{\"@id\":\"https:\/\/www.litcargo.lt\/for-carriers\/#primaryimage\"},\"thumbnailUrl\":\"https:\/\/www.litcargo.lt\/wp-content\/uploads\/2024\/05\/wwo_icon.svg\",\"datePublished\":\"2024-05-08T09:03:21+00:00\",\"dateModified\":\"2024-07-05T07:58:05+00:00\",\"breadcrumb\":{\"@id\":\"https:\/\/www.litcargo.lt\/for-carriers\/#breadcrumb\"},\"inLanguage\":\"lt-LT\",\"potentialAction\":[{\"@type\":\"ReadAction\",\"target\":[\"https:\/\/www.litcargo.lt\/for-carriers\/\"]}]},{\"@type\":\"ImageObject\",\"inLanguage\":\"lt-LT\",\"@id\":\"https:\/\/www.litcargo.lt\/for-carriers\/#primaryimage\",\"url\":\"https:\/\/www.litcargo.lt\/wp-content\/uploads\/2024\/05\/wwo_icon.svg\",\"contentUrl\":\"https:\/\/www.litcargo.lt\/wp-content\/uploads\/2024\/05\/wwo_icon.svg\"},{\"@type\":\"BreadcrumbList\",\"@id\":\"https:\/\/www.litcargo.lt\/for-carriers\/#breadcrumb\",\"itemListElement\":[{\"@type\":\"ListItem\",\"position\":1,\"name\":\"Home\",\"item\":\"https:\/\/www.litcargo.lt\/lt\/\"},{\"@type\":\"ListItem\",\"position\":2,\"name\":\"Ve\u017e\u0117jams\"}]},{\"@type\":\"WebSite\",\"@id\":\"https:\/\/www.litcargo.lt\/#website\",\"url\":\"https:\/\/www.litcargo.lt\/\",\"name\":\"Litcargo.lt\",\"description\":\"\",\"publisher\":{\"@id\":\"https:\/\/www.litcargo.lt\/#organization\"},\"potentialAction\":[{\"@type\":\"SearchAction\",\"target\":{\"@type\":\"EntryPoint\",\"urlTemplate\":\"https:\/\/www.litcargo.lt\/?s={search_term_string}\"},\"query-input\":\"required name=search_term_string\"}],\"inLanguage\":\"lt-LT\"},{\"@type\":\"Organization\",\"@id\":\"https:\/\/www.litcargo.lt\/#organization\",\"name\":\"Litcargo.lt\",\"url\":\"https:\/\/www.litcargo.lt\/\",\"logo\":{\"@type\":\"ImageObject\",\"inLanguage\":\"lt-LT\",\"@id\":\"https:\/\/www.litcargo.lt\/#\/schema\/logo\/image\/\",\"url\":\"https:\/\/www.litcargo.lt\/wp-content\/uploads\/2024\/03\/logo.svg\",\"contentUrl\":\"https:\/\/www.litcargo.lt\/wp-content\/uploads\/2024\/03\/logo.svg\",\"width\":249,\"height\":68,\"caption\":\"Litcargo.lt\"},\"image\":{\"@id\":\"https:\/\/www.litcargo.lt\/#\/schema\/logo\/image\/\"}}]}<\/script>\n<!-- \/ Yoast SEO plugin. -->","yoast_head_json":{"title":"Ve\u017e\u0117jams - Litcargo.lt","robots":{"index":"index","follow":"follow","max-snippet":"max-snippet:-1","max-image-preview":"max-image-preview:large","max-video-preview":"max-video-preview:-1"},"canonical":"https:\/\/www.litcargo.lt\/for-carriers\/","og_locale":"lt_LT","og_type":"article","og_title":"Ve\u017e\u0117jams - Litcargo.lt","og_description":"Temperat\u016briniai ir daliniai perve\u017eimai Ve\u017e\u0117jams Patikimas partneris Pasi\u016blymas ve\u017e\u0117jams Ilgalaikis bendradarbiavimas Si\u016blome palankias kainas, patikimum\u0105 ir stabilum\u0105. Laiminti partneryst\u0117 Garantuojame transporto prieinamum\u0105 visus metus. Mes si\u016blome: Piln\u0173 ir dalini\u0173 krovini\u0173 perve\u017eimus be pale\u010di\u0173 keitimo; U\u017etikriname optimali\u0105 m\u0117nesio rid\u0105; Mokame u\u017e nuva\u017eiuotus kilometrus; Tuneliai, tranzitas per \u0160veicarij\u0105, tranzito deklaracijos, tiltai, traukiniai, keltai apmokami atskirai; Taikome lanks\u010di\u0105 &hellip; Ve\u017e\u0117jams Read More \u00bb","og_url":"https:\/\/www.litcargo.lt\/for-carriers\/","og_site_name":"Litcargo.lt","article_modified_time":"2024-07-05T07:58:05+00:00","og_image":[{"url":"https:\/\/www.litcargo.lt\/wp-content\/uploads\/2024\/05\/wwo_icon.svg"}],"twitter_card":"summary_large_image","twitter_misc":{"Est. reading time":"1 minut\u0117"},"schema":{"@context":"https:\/\/schema.org","@graph":[{"@type":"WebPage","@id":"https:\/\/www.litcargo.lt\/for-carriers\/","url":"https:\/\/www.litcargo.lt\/for-carriers\/","name":"Ve\u017e\u0117jams - Litcargo.lt","isPartOf":{"@id":"https:\/\/www.litcargo.lt\/#website"},"primaryImageOfPage":{"@id":"https:\/\/www.litcargo.lt\/for-carriers\/#primaryimage"},"image":{"@id":"https:\/\/www.litcargo.lt\/for-carriers\/#primaryimage"},"thumbnailUrl":"https:\/\/www.litcargo.lt\/wp-content\/uploads\/2024\/05\/wwo_icon.svg","datePublished":"2024-05-08T09:03:21+00:00","dateModified":"2024-07-05T07:58:05+00:00","breadcrumb":{"@id":"https:\/\/www.litcargo.lt\/for-carriers\/#breadcrumb"},"inLanguage":"lt-LT","potentialAction":[{"@type":"ReadAction","target":["https:\/\/www.litcargo.lt\/for-carriers\/"]}]},{"@type":"ImageObject","inLanguage":"lt-LT","@id":"https:\/\/www.litcargo.lt\/for-carriers\/#primaryimage","url":"https:\/\/www.litcargo.lt\/wp-content\/uploads\/2024\/05\/wwo_icon.svg","contentUrl":"https:\/\/www.litcargo.lt\/wp-content\/uploads\/2024\/05\/wwo_icon.svg"},{"@type":"BreadcrumbList","@id":"https:\/\/www.litcargo.lt\/for-carriers\/#breadcrumb","itemListElement":[{"@type":"ListItem","position":1,"name":"Home","item":"https:\/\/www.litcargo.lt\/lt\/"},{"@type":"ListItem","position":2,"name":"Ve\u017e\u0117jams"}]},{"@type":"WebSite","@id":"https:\/\/www.litcargo.lt\/#website","url":"https:\/\/www.litcargo.lt\/","name":"Litcargo.lt","description":"","publisher":{"@id":"https:\/\/www.litcargo.lt\/#organization"},"potentialAction":[{"@type":"SearchAction","target":{"@type":"EntryPoint","urlTemplate":"https:\/\/www.litcargo.lt\/?s={search_term_string}"},"query-input":"required name=search_term_string"}],"inLanguage":"lt-LT"},{"@type":"Organization","@id":"https:\/\/www.litcargo.lt\/#organization","name":"Litcargo.lt","url":"https:\/\/www.litcargo.lt\/","logo":{"@type":"ImageObject","inLanguage":"lt-LT","@id":"https:\/\/www.litcargo.lt\/#\/schema\/logo\/image\/","url":"https:\/\/www.litcargo.lt\/wp-content\/uploads\/2024\/03\/logo.svg","contentUrl":"https:\/\/www.litcargo.lt\/wp-content\/uploads\/2024\/03\/logo.svg","width":249,"height":68,"caption":"Litcargo.lt"},"image":{"@id":"https:\/\/www.litcargo.lt\/#\/schema\/logo\/image\/"}}]}},"_links":{"self":[{"href":"https:\/\/www.litcargo.lt\/lt\/wp-json\/wp\/v2\/pages\/1878"}],"collection":[{"href":"https:\/\/www.litcargo.lt\/lt\/wp-json\/wp\/v2\/pages"}],"about":[{"href":"https:\/\/www.litcargo.lt\/lt\/wp-json\/wp\/v2\/types\/page"}],"author":[{"embeddable":true,"href":"https:\/\/www.litcargo.lt\/lt\/wp-json\/wp\/v2\/users\/1"}],"replies":[{"embeddable":true,"href":"https:\/\/www.litcargo.lt\/lt\/wp-json\/wp\/v2\/comments?post=1878"}],"version-history":[{"count":29,"href":"https:\/\/www.litcargo.lt\/lt\/wp-json\/wp\/v2\/pages\/1878\/revisions"}],"predecessor-version":[{"id":2115,"href":"https:\/\/www.litcargo.lt\/lt\/wp-json\/wp\/v2\/pages\/1878\/revisions\/2115"}],"wp:attachment":[{"href":"https:\/\/www.litcargo.lt\/lt\/wp-json\/wp\/v2\/media?parent=1878"}],"curies":[{"name":"wp","href":"https:\/\/api.w.org\/{rel}","templated":true}]}}